{"id":1499,"date":"2022-05-03T04:39:09","date_gmt":"2022-05-03T08:39:09","guid":{"rendered":"http:\/\/tjfp.local\/aplicar\/"},"modified":"2026-04-24T08:54:33","modified_gmt":"2026-04-24T12:54:33","slug":"aplicar","status":"publish","type":"page","link":"https:\/\/www.transjusticefundingproject.org\/es\/aplicar\/","title":{"rendered":"Aplicar"},"content":{"rendered":"\n<section class=\"section testimonial-quote-section\" style=\"background-color: #ffaf9c;\">\n<div class=\"section-inner\">\n<div class=\"container\">\n<div class=\"row justify-content-center\">\n<div class=\"col-md-10 quotes-col\">\n<div class=\"col-inner\">\n<div class=\"quotes-text\">\n<h4 class=\"color-purple\">Necesita a alguien as\u00ed detr\u00e1s de usted para que pueda probar algo nuevo a trav\u00e9s de la organizaci\u00f3n de base, aprendiendo en el camino, incluso si falla, para traer esperanza y \u00e9xito a su comunidad.<\/h4>\n<div class=\"quotes-info\">\n<p><span class=\"quotes-writer-name\">Clara Yoon<\/span><span class=\"quotes-writer-job\">Fundador de API Rainbow Parents, PFLAG NYC y donante<\/span><\/p>\n<\/div>\n<\/div>\n<\/div>\n<\/div>\n<\/div>\n<\/div>\n<\/div>\n<\/section>\n","protected":false},"excerpt":{"rendered":"<p>Necesita a alguien as\u00ed detr\u00e1s de usted para que pueda probar algo nuevo a trav\u00e9s de la organizaci\u00f3n de base, aprendiendo en el camino, incluso si falla, para traer esperanza y \u00e9xito a su comunidad. Clara YoonFundador de API Rainbow Parents, PFLAG NYC y donante<\/p>\n","protected":false},"author":1,"featured_media":0,"parent":0,"menu_order":0,"comment_status":"closed","ping_status":"closed","template":"templates\/Apply.php","meta":{"footnotes":""},"class_list":["post-1499","page","type-page","status-publish","hentry"],"acf":[],"yoast_head":"<!-- This site is optimized with the Yoast SEO plugin v22.7 - https:\/\/yoast.com\/wordpress\/plugins\/seo\/ -->\n<title>Aplicar - Trans Justice Funding Project<\/title>\n<meta name=\"robots\" content=\"index, follow, max-snippet:-1, max-image-preview:large, max-video-preview:-1\" \/>\n<link rel=\"canonical\" href=\"https:\/\/www.transjusticefundingproject.org\/es\/aplicar\/\" \/>\n<meta property=\"og:locale\" content=\"es_ES\" \/>\n<meta property=\"og:type\" content=\"article\" \/>\n<meta property=\"og:title\" content=\"Aplicar - Trans Justice Funding Project\" \/>\n<meta property=\"og:description\" content=\"Necesita a alguien as\u00ed detr\u00e1s de usted para que pueda probar algo nuevo a trav\u00e9s de la organizaci\u00f3n de base, aprendiendo en el camino, incluso si falla, para traer esperanza y \u00e9xito a su comunidad. Clara YoonFundador de API Rainbow Parents, PFLAG NYC y donante\" \/>\n<meta property=\"og:url\" content=\"https:\/\/www.transjusticefundingproject.org\/es\/aplicar\/\" \/>\n<meta property=\"og:site_name\" content=\"Trans Justice Funding Project\" \/>\n<meta property=\"article:modified_time\" content=\"2026-04-24T12:54:33+00:00\" \/>\n<meta name=\"twitter:card\" content=\"summary_large_image\" \/>\n<meta name=\"twitter:label1\" content=\"Tiempo de lectura\" \/>\n\t<meta name=\"twitter:data1\" content=\"1 minuto\" \/>\n<script type=\"application\/ld+json\" class=\"yoast-schema-graph\">{\"@context\":\"https:\/\/schema.org\",\"@graph\":[{\"@type\":\"WebPage\",\"@id\":\"https:\/\/www.transjusticefundingproject.org\/es\/aplicar\/\",\"url\":\"https:\/\/www.transjusticefundingproject.org\/es\/aplicar\/\",\"name\":\"Aplicar - Trans Justice Funding Project\",\"isPartOf\":{\"@id\":\"https:\/\/www.transjusticefundingproject.org\/es\/#website\"},\"datePublished\":\"2022-05-03T08:39:09+00:00\",\"dateModified\":\"2026-04-24T12:54:33+00:00\",\"breadcrumb\":{\"@id\":\"https:\/\/www.transjusticefundingproject.org\/es\/aplicar\/#breadcrumb\"},\"inLanguage\":\"es\",\"potentialAction\":[{\"@type\":\"ReadAction\",\"target\":[\"https:\/\/www.transjusticefundingproject.org\/es\/aplicar\/\"]}]},{\"@type\":\"BreadcrumbList\",\"@id\":\"https:\/\/www.transjusticefundingproject.org\/es\/aplicar\/#breadcrumb\",\"itemListElement\":[{\"@type\":\"ListItem\",\"position\":1,\"name\":\"Home\",\"item\":\"https:\/\/www.transjusticefundingproject.org\/es\/\"},{\"@type\":\"ListItem\",\"position\":2,\"name\":\"Aplicar\"}]},{\"@type\":\"WebSite\",\"@id\":\"https:\/\/www.transjusticefundingproject.org\/es\/#website\",\"url\":\"https:\/\/www.transjusticefundingproject.org\/es\/\",\"name\":\"Trans Justice Funding Project\",\"description\":\"\",\"publisher\":{\"@id\":\"https:\/\/www.transjusticefundingproject.org\/es\/#organization\"},\"potentialAction\":[{\"@type\":\"SearchAction\",\"target\":{\"@type\":\"EntryPoint\",\"urlTemplate\":\"https:\/\/www.transjusticefundingproject.org\/es\/?s={search_term_string}\"},\"query-input\":\"required name=search_term_string\"}],\"inLanguage\":\"es\"},{\"@type\":\"Organization\",\"@id\":\"https:\/\/www.transjusticefundingproject.org\/es\/#organization\",\"name\":\"Trans Justice Funding Project\",\"url\":\"https:\/\/www.transjusticefundingproject.org\/es\/\",\"logo\":{\"@type\":\"ImageObject\",\"inLanguage\":\"es\",\"@id\":\"https:\/\/www.transjusticefundingproject.org\/es\/#\/schema\/logo\/image\/\",\"url\":\"https:\/\/www.transjusticefundingproject.org\/wp-content\/uploads\/2022\/09\/tjfp-logo-1.svg\",\"contentUrl\":\"https:\/\/www.transjusticefundingproject.org\/wp-content\/uploads\/2022\/09\/tjfp-logo-1.svg\",\"width\":126,\"height\":114,\"caption\":\"Trans Justice Funding Project\"},\"image\":{\"@id\":\"https:\/\/www.transjusticefundingproject.org\/es\/#\/schema\/logo\/image\/\"}}]}<\/script>\n<!-- \/ Yoast SEO plugin. -->","yoast_head_json":{"title":"Aplicar - Trans Justice Funding Project","robots":{"index":"index","follow":"follow","max-snippet":"max-snippet:-1","max-image-preview":"max-image-preview:large","max-video-preview":"max-video-preview:-1"},"canonical":"https:\/\/www.transjusticefundingproject.org\/es\/aplicar\/","og_locale":"es_ES","og_type":"article","og_title":"Aplicar - Trans Justice Funding Project","og_description":"Necesita a alguien as\u00ed detr\u00e1s de usted para que pueda probar algo nuevo a trav\u00e9s de la organizaci\u00f3n de base, aprendiendo en el camino, incluso si falla, para traer esperanza y \u00e9xito a su comunidad. Clara YoonFundador de API Rainbow Parents, PFLAG NYC y donante","og_url":"https:\/\/www.transjusticefundingproject.org\/es\/aplicar\/","og_site_name":"Trans Justice Funding Project","article_modified_time":"2026-04-24T12:54:33+00:00","twitter_card":"summary_large_image","twitter_misc":{"Tiempo de lectura":"1 minuto"},"schema":{"@context":"https:\/\/schema.org","@graph":[{"@type":"WebPage","@id":"https:\/\/www.transjusticefundingproject.org\/es\/aplicar\/","url":"https:\/\/www.transjusticefundingproject.org\/es\/aplicar\/","name":"Aplicar - Trans Justice Funding Project","isPartOf":{"@id":"https:\/\/www.transjusticefundingproject.org\/es\/#website"},"datePublished":"2022-05-03T08:39:09+00:00","dateModified":"2026-04-24T12:54:33+00:00","breadcrumb":{"@id":"https:\/\/www.transjusticefundingproject.org\/es\/aplicar\/#breadcrumb"},"inLanguage":"es","potentialAction":[{"@type":"ReadAction","target":["https:\/\/www.transjusticefundingproject.org\/es\/aplicar\/"]}]},{"@type":"BreadcrumbList","@id":"https:\/\/www.transjusticefundingproject.org\/es\/aplicar\/#breadcrumb","itemListElement":[{"@type":"ListItem","position":1,"name":"Home","item":"https:\/\/www.transjusticefundingproject.org\/es\/"},{"@type":"ListItem","position":2,"name":"Aplicar"}]},{"@type":"WebSite","@id":"https:\/\/www.transjusticefundingproject.org\/es\/#website","url":"https:\/\/www.transjusticefundingproject.org\/es\/","name":"Trans Justice Funding Project","description":"","publisher":{"@id":"https:\/\/www.transjusticefundingproject.org\/es\/#organization"},"potentialAction":[{"@type":"SearchAction","target":{"@type":"EntryPoint","urlTemplate":"https:\/\/www.transjusticefundingproject.org\/es\/?s={search_term_string}"},"query-input":"required name=search_term_string"}],"inLanguage":"es"},{"@type":"Organization","@id":"https:\/\/www.transjusticefundingproject.org\/es\/#organization","name":"Trans Justice Funding Project","url":"https:\/\/www.transjusticefundingproject.org\/es\/","logo":{"@type":"ImageObject","inLanguage":"es","@id":"https:\/\/www.transjusticefundingproject.org\/es\/#\/schema\/logo\/image\/","url":"https:\/\/www.transjusticefundingproject.org\/wp-content\/uploads\/2022\/09\/tjfp-logo-1.svg","contentUrl":"https:\/\/www.transjusticefundingproject.org\/wp-content\/uploads\/2022\/09\/tjfp-logo-1.svg","width":126,"height":114,"caption":"Trans Justice Funding Project"},"image":{"@id":"https:\/\/www.transjusticefundingproject.org\/es\/#\/schema\/logo\/image\/"}}]}},"_links":{"self":[{"href":"https:\/\/www.transjusticefundingproject.org\/es\/wp-json\/wp\/v2\/pages\/1499","targetHints":{"allow":["GET"]}}],"collection":[{"href":"https:\/\/www.transjusticefundingproject.org\/es\/wp-json\/wp\/v2\/pages"}],"about":[{"href":"https:\/\/www.transjusticefundingproject.org\/es\/wp-json\/wp\/v2\/types\/page"}],"author":[{"embeddable":true,"href":"https:\/\/www.transjusticefundingproject.org\/es\/wp-json\/wp\/v2\/users\/1"}],"replies":[{"embeddable":true,"href":"https:\/\/www.transjusticefundingproject.org\/es\/wp-json\/wp\/v2\/comments?post=1499"}],"version-history":[{"count":68,"href":"https:\/\/www.transjusticefundingproject.org\/es\/wp-json\/wp\/v2\/pages\/1499\/revisions"}],"predecessor-version":[{"id":14022,"href":"https:\/\/www.transjusticefundingproject.org\/es\/wp-json\/wp\/v2\/pages\/1499\/revisions\/14022"}],"wp:attachment":[{"href":"https:\/\/www.transjusticefundingproject.org\/es\/wp-json\/wp\/v2\/media?parent=1499"}],"curies":[{"name":"wp","href":"https:\/\/api.w.org\/{rel}","templated":true}]}}